{"id":11,"date":"2024-11-17T18:56:34","date_gmt":"2024-11-17T18:56:34","guid":{"rendered":"https:\/\/harmonitercume.com\/?page_id=11"},"modified":"2024-11-17T20:37:20","modified_gmt":"2024-11-17T20:37:20","slug":"anasayfa","status":"publish","type":"page","link":"https:\/\/harmonitercume.com\/","title":{"rendered":"Anasayfa"},"content":{"rendered":"\t\t<div data-elementor-type=\"wp-page\" data-elementor-id=\"11\" class=\"elementor elementor-11\">\n\t\t\t\t<div class=\"elementor-element elementor-element-5fb156e e-flex e-con-boxed e-con e-parent\" data-id=\"5fb156e\" data-element_type=\"container\" id=\"home\" data-settings=\"{&quot;background_background&quot;:&quot;classic&quot;}\">\n\t\t\t\t\t<div class=\"e-con-inner\">\n\t\t<div class=\"elementor-element elementor-element-5803848 e-con-full e-flex e-con e-child\" data-id=\"5803848\" data-element_type=\"container\">\n\t\t\t\t<div class=\"elementor-element elementor-element-4f3fc79 elementor-widget elementor-widget-heading\" data-id=\"4f3fc79\" data-element_type=\"widget\" data-widget_type=\"heading.default\">\n\t\t\t\t<div class=\"elementor-widget-container\">\n\t\t\t<h2 class=\"elementor-heading-title elementor-size-default\">Harmoni Terc\u00fcme<\/h2>\t\t<\/div>\n\t\t\t\t<\/div>\n\t\t\t\t<div class=\"elementor-element elementor-element-4ed444f elementor-widget elementor-widget-text-editor\" data-id=\"4ed444f\" data-element_type=\"widget\" data-widget_type=\"text-editor.default\">\n\t\t\t\t<div class=\"elementor-widget-container\">\n\t\t\t\t\t\t\t<p>Welcome to Harmoni Tercume Dil Egitim Danismanlik Tic. Ltd. Sti., your trusted partner in multilingual communication since 2013. We offer a wide range of translation services in over 40 languages, including certified translations, consecutive translations, and specialized translations such as general, technical, and legal translations.<\/p>\t\t\t\t\t\t<\/div>\n\t\t\t\t<\/div>\n\t\t\t\t<div class=\"elementor-element elementor-element-8afcfc0 elementor-widget elementor-widget-button\" data-id=\"8afcfc0\" data-element_type=\"widget\" id=\"about-us\" data-widget_type=\"button.default\">\n\t\t\t\t<div class=\"elementor-widget-container\">\n\t\t\t\t\t\t\t<div class=\"elementor-button-wrapper\">\n\t\t\t\t\t<a class=\"elementor-button elementor-button-link elementor-size-sm\" href=\"#\">\n\t\t\t\t\t\t<span class=\"elementor-button-content-wrapper\">\n\t\t\t\t\t\t\t\t\t<span class=\"elementor-button-text\">About Us<\/span>\n\t\t\t\t\t<\/span>\n\t\t\t\t\t<\/a>\n\t\t\t\t<\/div>\n\t\t\t\t\t\t<\/div>\n\t\t\t\t<\/div>\n\t\t\t\t<\/div>\n\t\t<div class=\"elementor-element elementor-element-c459dd8 e-con-full e-flex e-con e-child\" data-id=\"c459dd8\" data-element_type=\"container\">\n\t\t\t\t<\/div>\n\t\t\t\t\t<\/div>\n\t\t\t\t<\/div>\n\t\t<div class=\"elementor-element elementor-element-c4fd56b e-flex e-con-boxed e-con e-parent\" data-id=\"c4fd56b\" data-element_type=\"container\" id=\"about-us\">\n\t\t\t\t\t<div class=\"e-con-inner\">\n\t\t<div class=\"elementor-element elementor-element-a3d6c1d e-con-full e-flex e-con e-child\" data-id=\"a3d6c1d\" data-element_type=\"container\">\n\t\t\t\t<div class=\"elementor-element elementor-element-9d93a5b elementor-widget elementor-widget-heading\" data-id=\"9d93a5b\" data-element_type=\"widget\" data-widget_type=\"heading.default\">\n\t\t\t\t<div class=\"elementor-widget-container\">\n\t\t\t<h2 class=\"elementor-heading-title elementor-size-default\">About Us\n<\/h2>\t\t<\/div>\n\t\t\t\t<\/div>\n\t\t\t\t<div class=\"elementor-element elementor-element-6f35f9d elementor-widget elementor-widget-text-editor\" data-id=\"6f35f9d\" data-element_type=\"widget\" data-widget_type=\"text-editor.default\">\n\t\t\t\t<div class=\"elementor-widget-container\">\n\t\t\t\t\t\t\t<p>Welcome to Harmoni Tercume Dil Egitim Danismanlik Tic. Ltd. Sti., your trusted partner in multilingual communication since 2013. We offer a wide range of translation services in over 40 languages, including certified translations, consecutive translations, and specialized translations such as general, technical, and legal translations.<\/p><p>What sets us apart is our unique approach to client service. We assign dedicated translators to your company, ensuring that all your translations are handled consistently by the same expert. This way, you benefit from having a translator as if they were a part of your in-house team, without the associated costs.<\/p><p>Our commitment to quality, reliability, and personalized service makes us the ideal choice for all your translation needs. At Harmoni, we understand the importance of precision and cultural sensitivity in every translation project.<\/p><p>Join us and experience the harmony of professional translation services tailored to your specific\u00a0requirements.<\/p>\t\t\t\t\t\t<\/div>\n\t\t\t\t<\/div>\n\t\t\t\t<\/div>\n\t\t<div class=\"elementor-element elementor-element-9eb77ff e-con-full e-flex e-con e-child\" data-id=\"9eb77ff\" data-element_type=\"container\">\n\t\t\t\t<div class=\"elementor-element elementor-element-97fb069 elementor-widget elementor-widget-image\" data-id=\"97fb069\" data-element_type=\"widget\" data-widget_type=\"image.default\">\n\t\t\t\t<div class=\"elementor-widget-container\">\n\t\t\t\t\t\t\t\t\t\t\t\t\t<img fetchpriority=\"high\" decoding=\"async\" width=\"1000\" height=\"667\" src=\"https:\/\/harmonitercume.com\/wp-content\/uploads\/2024\/11\/84.jpg\" class=\"attachment-full size-full wp-image-20\" alt=\"\" srcset=\"https:\/\/harmonitercume.com\/wp-content\/uploads\/2024\/11\/84.jpg 1000w, https:\/\/harmonitercume.com\/wp-content\/uploads\/2024\/11\/84-300x200.jpg 300w, https:\/\/harmonitercume.com\/wp-content\/uploads\/2024\/11\/84-768x512.jpg 768w\" sizes=\"(max-width: 1000px) 100vw, 1000px\" \/>\t\t\t\t\t\t\t\t\t\t\t\t\t<\/div>\n\t\t\t\t<\/div>\n\t\t\t\t<\/div>\n\t\t\t\t\t<\/div>\n\t\t\t\t<\/div>\n\t\t<div class=\"elementor-element elementor-element-3b01723 e-flex e-con-boxed e-con e-parent\" data-id=\"3b01723\" data-element_type=\"container\" id=\"references\">\n\t\t\t\t\t<div class=\"e-con-inner\">\n\t\t<div class=\"elementor-element elementor-element-678e565 e-con-full e-flex e-con e-child\" data-id=\"678e565\" data-element_type=\"container\">\n\t\t\t\t<div class=\"elementor-element elementor-element-dc4471d elementor-widget elementor-widget-image\" data-id=\"dc4471d\" data-element_type=\"widget\" data-widget_type=\"image.default\">\n\t\t\t\t<div class=\"elementor-widget-container\">\n\t\t\t\t\t\t\t\t\t\t\t\t\t<img decoding=\"async\" width=\"1000\" height=\"667\" src=\"https:\/\/harmonitercume.com\/wp-content\/uploads\/2024\/11\/4067.jpg\" class=\"attachment-full size-full wp-image-21\" alt=\"\" srcset=\"https:\/\/harmonitercume.com\/wp-content\/uploads\/2024\/11\/4067.jpg 1000w, https:\/\/harmonitercume.com\/wp-content\/uploads\/2024\/11\/4067-300x200.jpg 300w, https:\/\/harmonitercume.com\/wp-content\/uploads\/2024\/11\/4067-768x512.jpg 768w\" sizes=\"(max-width: 1000px) 100vw, 1000px\" \/>\t\t\t\t\t\t\t\t\t\t\t\t\t<\/div>\n\t\t\t\t<\/div>\n\t\t\t\t<\/div>\n\t\t<div class=\"elementor-element elementor-element-b085706 e-con-full e-flex e-con e-child\" data-id=\"b085706\" data-element_type=\"container\">\n\t\t\t\t<div class=\"elementor-element elementor-element-1b125d2 elementor-widget elementor-widget-heading\" data-id=\"1b125d2\" data-element_type=\"widget\" data-widget_type=\"heading.default\">\n\t\t\t\t<div class=\"elementor-widget-container\">\n\t\t\t<h2 class=\"elementor-heading-title elementor-size-default\">References<\/h2>\t\t<\/div>\n\t\t\t\t<\/div>\n\t\t\t\t<div class=\"elementor-element elementor-element-5329d9f elementor-widget elementor-widget-text-editor\" data-id=\"5329d9f\" data-element_type=\"widget\" data-widget_type=\"text-editor.default\">\n\t\t\t\t<div class=\"elementor-widget-container\">\n\t\t\t\t\t\t\t<p>Since our establishment, we have been collaborating with national and international companies, banks, educational institutions, and government agencies. Due to NDAs, we can only list a few of our esteemed partners here:<\/p><p>We handle the translation of all legal documents for IBM Turkey&#8217;s collaborations with banks, energy distribution companies, ministries, and more within Turkey. Our portfolio includes legal and technical translations for numerous international companies and banks such as Thyssen Krupp, \u0130\u015f Bankas\u0131, Akbank, HSBC, and Carl Stahl, Sirena Marine, Werner Sobek, Bericap, Wilo. We also manage medical, legal, and general translations for various doctors and Academic Hospital and Kent University, and perform text and promotional translations for Tribal Istanbul Advertising Agency. Furthermore, we provide translation services for the Istanbul Chamber of Commerce.<\/p><p>Notably, the Turkish language support for Apple&#8217;s virtual assistant, Siri was implemented through our collaboration\u00a0with\u00a0Apple.<\/p>\t\t\t\t\t\t<\/div>\n\t\t\t\t<\/div>\n\t\t\t\t<\/div>\n\t\t\t\t\t<\/div>\n\t\t\t\t<\/div>\n\t\t<div class=\"elementor-element elementor-element-e7d1949 e-con-full e-flex e-con e-parent\" data-id=\"e7d1949\" data-element_type=\"container\">\n\t\t\t\t<div class=\"elementor-element elementor-element-b08bc9a elementor-widget elementor-widget-google_maps\" data-id=\"b08bc9a\" data-element_type=\"widget\" data-widget_type=\"google_maps.default\">\n\t\t\t\t<div class=\"elementor-widget-container\">\n\t\t\t\t\t<div class=\"elementor-custom-embed\">\n\t\t\t<iframe loading=\"lazy\"\n\t\t\t\t\tsrc=\"https:\/\/maps.google.com\/maps?q=Suadiye%20Ba%C4%9Fdat%20Cad.%20No%20399D%20Blok%3AB%20Daire%3A1%2034740%20Kad%C4%B1k%C3%B6y%C2%A0Istanbul&#038;t=m&#038;z=12&#038;output=embed&#038;iwloc=near\"\n\t\t\t\t\ttitle=\"Suadiye Ba\u011fdat Cad. No 399D Blok:B Daire:1 34740 Kad\u0131k\u00f6y\u00a0Istanbul\"\n\t\t\t\t\taria-label=\"Suadiye Ba\u011fdat Cad. No 399D Blok:B Daire:1 34740 Kad\u0131k\u00f6y\u00a0Istanbul\"\n\t\t\t><\/iframe>\n\t\t<\/div>\n\t\t\t\t<\/div>\n\t\t\t\t<\/div>\n\t\t\t\t<\/div>\n\t\t<div class=\"elementor-element elementor-element-f89b6d9 e-flex e-con-boxed e-con e-parent\" data-id=\"f89b6d9\" data-element_type=\"container\" id=\"contact-us\">\n\t\t\t\t\t<div class=\"e-con-inner\">\n\t\t<div class=\"elementor-element elementor-element-dc6a7d2 e-con-full e-flex e-con e-child\" data-id=\"dc6a7d2\" data-element_type=\"container\">\n\t\t\t\t<div class=\"elementor-element elementor-element-0c7e3f6 elementor-widget elementor-widget-heading\" data-id=\"0c7e3f6\" data-element_type=\"widget\" data-widget_type=\"heading.default\">\n\t\t\t\t<div class=\"elementor-widget-container\">\n\t\t\t<h2 class=\"elementor-heading-title elementor-size-default\">Contact Us<\/h2>\t\t<\/div>\n\t\t\t\t<\/div>\n\t\t\t\t<div class=\"elementor-element elementor-element-0e920a4 elementor-widget elementor-widget-text-editor\" data-id=\"0e920a4\" data-element_type=\"widget\" data-widget_type=\"text-editor.default\">\n\t\t\t\t<div class=\"elementor-widget-container\">\n\t\t\t\t\t\t\t<p>Harmoni Terc\u00fcme Dil E\u011fitim Dan\u0131\u015fmanl\u0131k Tic. Ltd. \u015eti<\/p>\t\t\t\t\t\t<\/div>\n\t\t\t\t<\/div>\n\t\t\t\t<div class=\"elementor-element elementor-element-6d487b8 elementor-position-left elementor-view-default elementor-mobile-position-top elementor-vertical-align-top elementor-widget elementor-widget-icon-box\" data-id=\"6d487b8\" data-element_type=\"widget\" data-widget_type=\"icon-box.default\">\n\t\t\t\t<div class=\"elementor-widget-container\">\n\t\t\t\t\t<div class=\"elementor-icon-box-wrapper\">\n\n\t\t\t\t\t\t<div class=\"elementor-icon-box-icon\">\n\t\t\t\t<span  class=\"elementor-icon elementor-animation-\">\n\t\t\t\t<svg aria-hidden=\"true\" class=\"e-font-icon-svg e-fas-map-marker-alt\" viewBox=\"0 0 384 512\" xmlns=\"http:\/\/www.w3.org\/2000\/svg\"><path d=\"M172.268 501.67C26.97 291.031 0 269.413 0 192 0 85.961 85.961 0 192 0s192 85.961 192 192c0 77.413-26.97 99.031-172.268 309.67-9.535 13.774-29.93 13.773-39.464 0zM192 272c44.183 0 80-35.817 80-80s-35.817-80-80-80-80 35.817-80 80 35.817 80 80 80z\"><\/path><\/svg>\t\t\t\t<\/span>\n\t\t\t<\/div>\n\t\t\t\n\t\t\t\t\t\t<div class=\"elementor-icon-box-content\">\n\n\t\t\t\t\t\t\t\t\t<h3 class=\"elementor-icon-box-title\">\n\t\t\t\t\t\t<span  >\n\t\t\t\t\t\t\tSuadiye Ba\u011fdat Cad. No 399D Blok:B Daire:1 34740 Kad\u0131k\u00f6y\u00a0Istanbul\t\t\t\t\t\t<\/span>\n\t\t\t\t\t<\/h3>\n\t\t\t\t\n\t\t\t\t\n\t\t\t<\/div>\n\t\t\t\n\t\t<\/div>\n\t\t\t\t<\/div>\n\t\t\t\t<\/div>\n\t\t\t\t<\/div>\n\t\t<div class=\"elementor-element elementor-element-f683eba e-con-full e-flex e-con e-child\" data-id=\"f683eba\" data-element_type=\"container\">\n\t\t\t\t<div class=\"elementor-element elementor-element-b91d93f elementor-widget elementor-widget-text-editor\" data-id=\"b91d93f\" data-element_type=\"widget\" data-widget_type=\"text-editor.default\">\n\t\t\t\t<div class=\"elementor-widget-container\">\n\t\t\t\t\t\t\t\n<div class=\"wpcf7 no-js\" id=\"wpcf7-f22-p11-o1\" lang=\"tr-TR\" dir=\"ltr\" data-wpcf7-id=\"22\">\n<div class=\"screen-reader-response\"><p role=\"status\" aria-live=\"polite\" aria-atomic=\"true\"><\/p> <ul><\/ul><\/div>\n<form action=\"\/#wpcf7-f22-p11-o1\" method=\"post\" class=\"wpcf7-form init\" aria-label=\"\u0130leti\u015fim Formu\" novalidate=\"novalidate\" data-status=\"init\">\n<div style=\"display: none;\">\n<input type=\"hidden\" name=\"_wpcf7\" value=\"22\" \/>\n<input type=\"hidden\" name=\"_wpcf7_version\" value=\"6.0\" \/>\n<input type=\"hidden\" name=\"_wpcf7_locale\" value=\"tr_TR\" \/>\n<input type=\"hidden\" name=\"_wpcf7_unit_tag\" value=\"wpcf7-f22-p11-o1\" \/>\n<input type=\"hidden\" name=\"_wpcf7_container_post\" value=\"11\" \/>\n<input type=\"hidden\" name=\"_wpcf7_posted_data_hash\" value=\"\" \/>\n<\/div>\n<p><span class=\"wpcf7-form-control-wrap\" data-name=\"your-name\"><input size=\"40\" maxlength=\"400\" class=\"wpcf7-form-control wpcf7-text wpcf7-validates-as-required\" aria-required=\"true\" aria-invalid=\"false\" placeholder=\"Name Surname\" value=\"\" type=\"text\" name=\"your-name\" \/><\/span>\n<\/p>\n<p><span class=\"wpcf7-form-control-wrap\" data-name=\"your-email\"><input size=\"40\" maxlength=\"400\" class=\"wpcf7-form-control wpcf7-email wpcf7-validates-as-required wpcf7-text wpcf7-validates-as-email\" aria-required=\"true\" aria-invalid=\"false\" placeholder=\"E-Mail\" value=\"\" type=\"email\" name=\"your-email\" \/><\/span>\n<\/p>\n<p><span class=\"wpcf7-form-control-wrap\" data-name=\"your-message\"><textarea cols=\"40\" rows=\"10\" maxlength=\"2000\" class=\"wpcf7-form-control wpcf7-textarea\" aria-invalid=\"false\" placeholder=\"Message\" name=\"your-message\"><\/textarea><\/span>\n<\/p>\n<p><input class=\"wpcf7-form-control wpcf7-submit has-spinner\" type=\"submit\" value=\"Send\" \/>\n<\/p><div class=\"wpcf7-response-output\" aria-hidden=\"true\"><\/div>\n<\/form>\n<\/div>\n\t\t\t\t\t\t<\/div>\n\t\t\t\t<\/div>\n\t\t\t\t<\/div>\n\t\t\t\t\t<\/div>\n\t\t\t\t<\/div>\n\t\t\t\t<\/div>\n\t\t","protected":false},"excerpt":{"rendered":"<p>Harmoni Terc\u00fcme Welcome to Harmoni Tercume Dil Egitim Danismanlik Tic. Ltd. Sti., your trusted partner in multilingual communication since 2013. We offer a wide range of translation services in over 40 languages, including certified translations, consecutive translations, and specialized translations such as general, technical, and legal translations. About Us About Us Welcome to Harmoni Tercume [&hellip;]<\/p>\n","protected":false},"author":1,"featured_media":0,"parent":0,"menu_order":0,"comment_status":"closed","ping_status":"closed","template":"elementor_header_footer","meta":{"footnotes":""},"class_list":["post-11","page","type-page","status-publish","hentry"],"_links":{"self":[{"href":"https:\/\/harmonitercume.com\/index.php?rest_route=\/wp\/v2\/pages\/11","targetHints":{"allow":["GET"]}}],"collection":[{"href":"https:\/\/harmonitercume.com\/index.php?rest_route=\/wp\/v2\/pages"}],"about":[{"href":"https:\/\/harmonitercume.com\/index.php?rest_route=\/wp\/v2\/types\/page"}],"author":[{"embeddable":true,"href":"https:\/\/harmonitercume.com\/index.php?rest_route=\/wp\/v2\/users\/1"}],"replies":[{"embeddable":true,"href":"https:\/\/harmonitercume.com\/index.php?rest_route=%2Fwp%2Fv2%2Fcomments&post=11"}],"version-history":[{"count":25,"href":"https:\/\/harmonitercume.com\/index.php?rest_route=\/wp\/v2\/pages\/11\/revisions"}],"predecessor-version":[{"id":54,"href":"https:\/\/harmonitercume.com\/index.php?rest_route=\/wp\/v2\/pages\/11\/revisions\/54"}],"wp:attachment":[{"href":"https:\/\/harmonitercume.com\/index.php?rest_route=%2Fwp%2Fv2%2Fmedia&parent=11"}],"curies":[{"name":"wp","href":"https:\/\/api.w.org\/{rel}","templated":true}]}}